{"id":2,"date":"2020-11-02T21:12:18","date_gmt":"2020-11-02T19:12:18","guid":{"rendered":"https:\/\/kazak.com.pl\/?page_id=2"},"modified":"2020-12-30T13:24:53","modified_gmt":"2020-12-30T11:24:53","slug":"main","status":"publish","type":"page","link":"https:\/\/kazak.com.pl\/pl\/","title":{"rendered":"\u0413\u043b\u0430\u0432\u043d\u0430\u044f"},"content":{"rendered":"<p class=\"qtranxs-available-languages-message qtranxs-available-languages-message-pl\">Przepraszamy, ten wpis jest dost\u0119pny tylko w j\u0119zyku <a href=\"https:\/\/kazak.com.pl\/en\/wp-json\/wp\/v2\/pages\/2\" class=\"qtranxs-available-language-link qtranxs-available-language-link-en\" title=\"En\">ameryka\u0144ski angielski<\/a>.<\/p>","protected":false},"excerpt":{"rendered":"<p>Przepraszamy, ten wpis jest dost\u0119pny tylko w j\u0119zyku ameryka\u0144ski angielski.<\/p>\n","protected":false},"author":1,"featured_media":0,"parent":0,"menu_order":0,"comment_status":"closed","ping_status":"closed","template":"page-main.php","meta":[],"_links":{"self":[{"href":"https:\/\/kazak.com.pl\/pl\/wp-json\/wp\/v2\/pages\/2"}],"collection":[{"href":"https:\/\/kazak.com.pl\/pl\/wp-json\/wp\/v2\/pages"}],"about":[{"href":"https:\/\/kazak.com.pl\/pl\/wp-json\/wp\/v2\/types\/page"}],"author":[{"embeddable":true,"href":"https:\/\/kazak.com.pl\/pl\/wp-json\/wp\/v2\/users\/1"}],"replies":[{"embeddable":true,"href":"https:\/\/kazak.com.pl\/pl\/wp-json\/wp\/v2\/comments?post=2"}],"version-history":[{"count":9,"href":"https:\/\/kazak.com.pl\/pl\/wp-json\/wp\/v2\/pages\/2\/revisions"}],"predecessor-version":[{"id":42,"href":"https:\/\/kazak.com.pl\/pl\/wp-json\/wp\/v2\/pages\/2\/revisions\/42"}],"wp:attachment":[{"href":"https:\/\/kazak.com.pl\/pl\/wp-json\/wp\/v2\/media?parent=2"}],"curies":[{"name":"wp","href":"https:\/\/api.w.org\/{rel}","templated":true}]}}